{"id":1307,"date":"2022-04-11T14:24:49","date_gmt":"2022-04-11T14:24:49","guid":{"rendered":"https:\/\/laamistad.azurewebsites.net\/?page_id=81"},"modified":"2026-04-02T15:35:25","modified_gmt":"2026-04-02T15:35:25","slug":"donate","status":"publish","type":"page","link":"https:\/\/laamistadinc.org\/es\/donate\/","title":{"rendered":"Donar"},"content":{"rendered":"<div data-elementor-type=\"wp-page\" data-elementor-id=\"1307\" class=\"elementor elementor-1307\" data-elementor-post-type=\"page\">\n\t\t\t\t\t\t<section class=\"elementor-section elementor-top-section elementor-element elementor-element-5ab7c261 elementor-section-full_width elementor-section-height-min-height elementor-section-items-stretch elementor-section-content-bottom elementor-section-height-default\" data-id=\"5ab7c261\" data-element_type=\"section\" data-settings=\"{&quot;background_background&quot;:&quot;gradient&quot;}\">\n\t\t\t\t\t\t\t<div class=\"elementor-background-overlay\"><\/div>\n\t\t\t\t\t\t\t<div class=\"elementor-container elementor-column-gap-no\">\n\t\t\t\t\t<div class=\"elementor-column elementor-col-100 elementor-top-column elementor-element elementor-element-3bb3e90f\" data-id=\"3bb3e90f\" data-element_type=\"column\" data-settings=\"{&quot;background_background&quot;:&quot;classic&quot;}\">\n\t\t\t<div class=\"elementor-widget-wrap elementor-element-populated\">\n\t\t\t\t\t\t<div class=\"elementor-element elementor-element-7a892f81 elementor-widget elementor-widget-heading\" data-id=\"7a892f81\" data-element_type=\"widget\" data-widget_type=\"heading.default\">\n\t\t\t\t<div class=\"elementor-widget-container\">\n\t\t\t\t\t<h1 class=\"elementor-heading-title elementor-size-default\">Donar<\/h1>\t\t\t\t<\/div>\n\t\t\t\t<\/div>\n\t\t\t\t\t<\/div>\n\t\t<\/div>\n\t\t\t\t\t<\/div>\n\t\t<\/section>\n\t\t\t\t<section class=\"elementor-section elementor-top-section elementor-element elementor-element-03843ee elementor-section-boxed elementor-section-height-default elementor-section-height-default\" data-id=\"03843ee\" data-element_type=\"section\" data-settings=\"{&quot;background_background&quot;:&quot;classic&quot;}\">\n\t\t\t\t\t\t<div class=\"elementor-container elementor-column-gap-default\">\n\t\t\t\t\t<div class=\"elementor-column elementor-col-100 elementor-top-column elementor-element elementor-element-1548707\" data-id=\"1548707\" data-element_type=\"column\" data-settings=\"{&quot;background_background&quot;:&quot;classic&quot;}\">\n\t\t\t<div class=\"elementor-widget-wrap elementor-element-populated\">\n\t\t\t\t\t\t<div class=\"elementor-element elementor-element-bc05c4c elementor-widget elementor-widget-heading\" data-id=\"bc05c4c\" data-element_type=\"widget\" data-widget_type=\"heading.default\">\n\t\t\t\t<div class=\"elementor-widget-container\">\n\t\t\t\t\t<h3 class=\"elementor-heading-title elementor-size-default\">Cuando donas a LaAmistad, moldeas el futuro de estudiantes y familias como la de Josh.<\/h3>\t\t\t\t<\/div>\n\t\t\t\t<\/div>\n\t\t\t\t<div class=\"elementor-element elementor-element-14746a4 elementor-widget elementor-widget-heading\" data-id=\"14746a4\" data-element_type=\"widget\" data-widget_type=\"heading.default\">\n\t\t\t\t<div class=\"elementor-widget-container\">\n\t\t\t\t\t<h2 class=\"elementor-heading-title elementor-size-default\">Conoce a Josh, un estudiante universitario de primera generaci\u00f3n, graduado de doble titulaci\u00f3n y ahora un l\u00edder c\u00edvico que forja el futuro de Georgia. Su trayectoria comenz\u00f3 con una beca LaAmistad y se convirti\u00f3 en una vida de servicio, liderazgo e impacto.<\/h2>\t\t\t\t<\/div>\n\t\t\t\t<\/div>\n\t\t\t\t<div class=\"elementor-element elementor-element-120261e elementor-widget elementor-widget-video\" data-id=\"120261e\" data-element_type=\"widget\" data-settings=\"{&quot;video_type&quot;:&quot;hosted&quot;,&quot;start&quot;:0.1,&quot;controls&quot;:&quot;yes&quot;}\" data-widget_type=\"video.default\">\n\t\t\t\t<div class=\"elementor-widget-container\">\n\t\t\t\t\t\t\t<div class=\"e-hosted-video elementor-wrapper elementor-open-inline\">\n\t\t\t\t\t<video class=\"elementor-video\" src=\"https:\/\/laamistadinc.org\/wp-content\/uploads\/2025\/11\/EOY-working-video-Draft-3.mp4#t=0.1\" controls=\"\" preload=\"metadata\" controlslist=\"nodownload\"><\/video>\n\t\t\t\t<\/div>\n\t\t\t\t\t\t<\/div>\n\t\t\t\t<\/div>\n\t\t\t\t\t<\/div>\n\t\t<\/div>\n\t\t\t\t\t<\/div>\n\t\t<\/section>\n\t\t\t\t<section class=\"elementor-section elementor-top-section elementor-element elementor-element-e8f385e elementor-section-boxed elementor-section-height-default elementor-section-height-default\" data-id=\"e8f385e\" data-element_type=\"section\" data-settings=\"{&quot;background_background&quot;:&quot;classic&quot;}\">\n\t\t\t\t\t\t<div class=\"elementor-container elementor-column-gap-default\">\n\t\t\t\t\t<div class=\"elementor-column elementor-col-100 elementor-top-column elementor-element elementor-element-331015f\" data-id=\"331015f\" data-element_type=\"column\" data-settings=\"{&quot;background_background&quot;:&quot;classic&quot;}\">\n\t\t\t<div class=\"elementor-widget-wrap elementor-element-populated\">\n\t\t\t\t\t\t<div class=\"elementor-element elementor-element-c33ee23 elementor-widget__width-inherit elementor-widget elementor-widget-html\" data-id=\"c33ee23\" data-element_type=\"widget\" data-widget_type=\"html.default\">\n\t\t\t\t<div class=\"elementor-widget-container\">\n\t\t\t\t\t<div id=\"blackbaud-donation-form_b8e06c88-1462-460c-aae7-864d7eed419d\"><\/div>\r\n\r\n<script src=\"https:\/\/sky.blackbaudcdn.net\/static\/donor-form-loader\/2\/main.js\"><\/script>>\r\n\r\n<script>BBDonorFormLoader.newBlackbaudDonationFormZoned('renxt', 'p-J6VtHPftFEOxroB7yRM5OQ', 'b8e06c88-1462-460c-aae7-864d7eed419d', 'usa')\r\n\r\n<\/script>\r\n<script>\r\nfunction preventBlackbaudAutoScroll() {\r\n    var formDiv = document.getElementById('blackbaud-donation-form_45f62db9-993d-4924-b5d2-b6c0c36b2abf');\r\n    if (!formDiv) return;\r\n\r\n    \/\/ Watch for any focus event inside the form\r\n    formDiv.addEventListener('focusin', function(e) {\r\n        \/\/ Immediately remove focus so browser doesn't scroll\r\n        e.target.blur();\r\n        \/\/ Scroll to top just in case\r\n        window.scrollTo(0, 0);\r\n    });\r\n\r\n    \/\/ Also check periodically if the first input is focused\r\n    var checkInput = setInterval(function() {\r\n        var input = formDiv.querySelector('input');\r\n        if (input === document.activeElement) {\r\n            input.blur();\r\n            window.scrollTo(0,0);\r\n            clearInterval(checkInput);\r\n        }\r\n    }, 50);\r\n}\r\n\r\n\/\/ Run after page load\r\nwindow.addEventListener('load', preventBlackbaudAutoScroll);\r\n<\/script>\r\n\t\t\t\t<\/div>\n\t\t\t\t<\/div>\n\t\t\t\t\t<\/div>\n\t\t<\/div>\n\t\t\t\t\t<\/div>\n\t\t<\/section>\n\t\t\t\t<\/div>","protected":false},"excerpt":{"rendered":"<p>Al donar a LaAmistad, contribuyes al futuro de estudiantes y familias como la de Josh. Conoce a Josh, estudiante universitario de primera generaci\u00f3n, graduado de doble titulaci\u00f3n y ahora un l\u00edder c\u00edvico que contribuye al futuro de Georgia. Su trayectoria comenz\u00f3 con una beca de LaAmistad y se convirti\u00f3 en una vida de servicio, liderazgo e impacto. https:\/\/laamistadinc.org\/wp-content\/uploads\/2025\/11\/EOY-working-video-Draft-3.mp4#t=0.1 &gt;<\/p>","protected":false},"author":3468,"featured_media":0,"parent":0,"menu_order":0,"comment_status":"closed","ping_status":"closed","template":"","meta":{"_acf_changed":false,"_monsterinsights_skip_tracking":false,"_monsterinsights_sitenote_active":false,"_monsterinsights_sitenote_note":"","_monsterinsights_sitenote_category":0,"footnotes":""},"class_list":["post-1307","page","type-page","status-publish","hentry"],"acf":[],"_links":{"self":[{"href":"https:\/\/laamistadinc.org\/es\/wp-json\/wp\/v2\/pages\/1307","targetHints":{"allow":["GET"]}}],"collection":[{"href":"https:\/\/laamistadinc.org\/es\/wp-json\/wp\/v2\/pages"}],"about":[{"href":"https:\/\/laamistadinc.org\/es\/wp-json\/wp\/v2\/types\/page"}],"author":[{"embeddable":true,"href":"https:\/\/laamistadinc.org\/es\/wp-json\/wp\/v2\/users\/3468"}],"replies":[{"embeddable":true,"href":"https:\/\/laamistadinc.org\/es\/wp-json\/wp\/v2\/comments?post=1307"}],"version-history":[{"count":25,"href":"https:\/\/laamistadinc.org\/es\/wp-json\/wp\/v2\/pages\/1307\/revisions"}],"predecessor-version":[{"id":7897,"href":"https:\/\/laamistadinc.org\/es\/wp-json\/wp\/v2\/pages\/1307\/revisions\/7897"}],"wp:attachment":[{"href":"https:\/\/laamistadinc.org\/es\/wp-json\/wp\/v2\/media?parent=1307"}],"curies":[{"name":"gracias","href":"https:\/\/api.w.org\/{rel}","templated":true}]}}